{"id":7,"date":"2020-02-15T10:35:38","date_gmt":"2020-02-15T10:35:38","guid":{"rendered":"https:\/\/docenteslgtbi.es\/?page_id=7"},"modified":"2025-12-08T13:36:17","modified_gmt":"2025-12-08T12:36:17","slug":"acerca-de","status":"publish","type":"page","link":"https:\/\/docenteslgtbi.es\/index.php\/acerca-de\/","title":{"rendered":"Nosotres"},"content":{"rendered":"\n<div class=\"wp-block-media-text is-stacked-on-mobile\" style=\"grid-template-columns:37% auto\"><figure class=\"wp-block-media-text__media\"><img loading=\"lazy\" decoding=\"async\" width=\"1024\" height=\"827\" src=\"https:\/\/docenteslgtbi.es\/wp-content\/uploads\/2025\/05\/cropped-Logo-Docentes-LGTBIAQ-color-1024x827.jpg\" alt=\"\" class=\"wp-image-394 size-full\" srcset=\"https:\/\/docenteslgtbi.es\/wp-content\/uploads\/2025\/05\/cropped-Logo-Docentes-LGTBIAQ-color-1024x827.jpg 1024w, https:\/\/docenteslgtbi.es\/wp-content\/uploads\/2025\/05\/cropped-Logo-Docentes-LGTBIAQ-color-300x242.jpg 300w, https:\/\/docenteslgtbi.es\/wp-content\/uploads\/2025\/05\/cropped-Logo-Docentes-LGTBIAQ-color-768x620.jpg 768w, https:\/\/docenteslgtbi.es\/wp-content\/uploads\/2025\/05\/cropped-Logo-Docentes-LGTBIAQ-color.jpg 1280w\" sizes=\"auto, (max-width: 1024px) 100vw, 1024px\" \/><\/figure><div class=\"wp-block-media-text__content\">\n<p>Somos un grupo de docentes y orientadores trans, cuirs, bisexuales, bolleras y lesbianas, maricas y gays, tanto fuera como dentro del armario en centros educativos p\u00fablicos y privados de la Comunidad de Madrid. Pertenecemos a todas las etapas educativas, desde la Educaci\u00f3n Infantil hasta la universidad, e impartimos diferentes asignaturas. Tenemos diferentes cuerpos, edades, deseos, racializaciones, pesos, capacidades, plumas, pelos y experiencias.<\/p>\n<\/div><\/div>\n\n\n\n<p>Nos empezamos a juntar en el curso 2019\/20 porque quer\u00edamos aliarnos, apoyarnos,  coger fuerzas y compartir nuestras formas de hacer frente a las ideas ultraconservadoras que se respiran en el ambiente. Funcionamos de manera asamblearia y horizontal. <\/p>\n\n\n\n<p>Somos aut\u00f3nomas, pero creemos en la necesidad de establecer redes con: colectivos LGBTIA+, colectivos cuirs, sindicatos, entidades y partidos pol\u00edticos, siempre y cuando no instrumentalicen nuestras identidades en su propio beneficio.<br> <\/p>\n\n\n\n<p>Creemos en la visibilidad como herramienta educativa y social.<\/p>\n\n\n\n<p>Inicialmente nos hemos propuesto estas l\u00edneas de trabajo:<br> \u2022 Formaci\u00f3n interna porque como docentes sabemos que la formaci\u00f3n es un continuo sin l\u00edmites que dura toda la vida. Adem\u00e1s el hecho de ser LGBTIAQ+ no implica que tengamos toda la formaci\u00f3n necesaria.<br> \u2022 Apoyo mutuo porque la presunci\u00f3n de cisheterosexualidad y las violencias existentes dentro y fuera de los centros son tan grandes que pueden coartar nuestras vidas.<br> \u2022 Actuaciones con el alumnado porque es preciso empoderar el alumnado LGTBIAQ+ y aportar otros imaginarios de vidas vivibles cercanas fuera de los mandatos binaristas. Nos gustar\u00eda poder generar redes con el alumnado entre centros, trabajar el acoso hacia las disidencias de g\u00e9nero desde la prevenci\u00f3n y empoderamiento, proporcionar herramientas para generar espacios m\u00e1s seguros en los centros educativos, ser apoyo para el alumnado con familias lgbtfobicas y establecer alianzas con familias que entre sus miembros haya personas LGBTIAQ+.<br> \u2022 Buenas pr\u00e1cticas porque creemos en la coeducaci\u00f3n y la equidad en las pr\u00e1cticas educativas con una mirada interseccional que contemple todas las opresiones. Para ello queremos revisar y debatir acerca de los diferentes materiales existentes. <br> \u2022 Incidencia pol\u00edtica porque queremos ser un instrumento de presi\u00f3n e interlocuci\u00f3n con todo tipo de instituciones y espec\u00edficamente las educativas. Pretendemos tener presencia medi\u00e1tica difundiendo nuestras propuestas y realizando campa\u00f1as. Queremos visibilizar la legislaci\u00f3n vigente que nos ampara y luchar para su desarrollo efectivo en el sistema educativo. Nos gustar\u00eda ser un canal de confluencia frente a las diferentes \u201ccampa\u00f1as\u201d de odio. <\/p>\n\n\n\n<p>Nuestro compromiso no queda encasillado en propuestas cerradas, nuestra manera de entender el grupo no cabe en una caja. Docente disidente, \u00fanete.<\/p>\n\n\n\n<p><br><strong> Ni permisos ni perd\u00f3n. \u00a1\u00a1\u00a1Tizas en rebeli\u00f3n!!!<\/strong><\/p>\n\n\n\n<p><\/p>\n","protected":false},"excerpt":{"rendered":"<p>Somos un grupo de docentes y orientadores trans, cuirs, bisexuales, bolleras y lesbianas, maricas y gays, tanto fuera como dentro del armario en centros educativos &hellip; <\/p>\n","protected":false},"author":1,"featured_media":0,"parent":0,"menu_order":0,"comment_status":"closed","ping_status":"closed","template":"","meta":{"footnotes":""},"class_list":["post-7","page","type-page","status-publish","hentry"],"_links":{"self":[{"href":"https:\/\/docenteslgtbi.es\/index.php\/wp-json\/wp\/v2\/pages\/7","targetHints":{"allow":["GET"]}}],"collection":[{"href":"https:\/\/docenteslgtbi.es\/index.php\/wp-json\/wp\/v2\/pages"}],"about":[{"href":"https:\/\/docenteslgtbi.es\/index.php\/wp-json\/wp\/v2\/types\/page"}],"author":[{"embeddable":true,"href":"https:\/\/docenteslgtbi.es\/index.php\/wp-json\/wp\/v2\/users\/1"}],"replies":[{"embeddable":true,"href":"https:\/\/docenteslgtbi.es\/index.php\/wp-json\/wp\/v2\/comments?post=7"}],"version-history":[{"count":14,"href":"https:\/\/docenteslgtbi.es\/index.php\/wp-json\/wp\/v2\/pages\/7\/revisions"}],"predecessor-version":[{"id":475,"href":"https:\/\/docenteslgtbi.es\/index.php\/wp-json\/wp\/v2\/pages\/7\/revisions\/475"}],"wp:attachment":[{"href":"https:\/\/docenteslgtbi.es\/index.php\/wp-json\/wp\/v2\/media?parent=7"}],"curies":[{"name":"wp","href":"https:\/\/api.w.org\/{rel}","templated":true}]}}